{"id":1307,"date":"2012-09-08T20:55:42","date_gmt":"2012-09-08T18:55:42","guid":{"rendered":"http:\/\/www.marinakulik.com\/?page_id=1307"},"modified":"2020-11-25T09:49:41","modified_gmt":"2020-11-25T08:49:41","slug":"ever-evolving","status":"publish","type":"page","link":"https:\/\/www.marinakulik.com\/fr\/portfolio\/ever-evolving\/","title":{"rendered":"Eternelle Evolution"},"content":{"rendered":"<p>[vc_row][vc_column][vc_empty_space][vc_column_text]<\/p>\n<h1 style=\"text-align: center;\">Eternelle Evolution<\/h1>\n<p>[\/vc_column_text][vc_empty_space height=&#8221;16px&#8221;][\/vc_column][\/vc_row][vc_row][vc_column width=&#8221;1\/6&#8243;][\/vc_column][vc_column width=&#8221;4\/6&#8243;][vc_raw_html]JTNDaWZyYW1lJTIwc3JjJTNEJTIyaHR0cHMlM0ElMkYlMkZ3d3cueW91dHViZS5jb20lMkZlbWJlZCUyRkl1Y2wwT281VTNJJTIyJTIwd2lkdGglM0QlMjI2MDAlMjIlMjBoZWlnaHQlM0QlMjIzNDIlMjIlMjBmcmFtZWJvcmRlciUzRCUyMjAlMjIlMjBhbGxvd2Z1bGxzY3JlZW4lM0QlMjJhbGxvd2Z1bGxzY3JlZW4lMjIlM0UlM0MlMkZpZnJhbWUlM0UlMEElM0NwJTIwc3R5bGUlM0QlMjJ0ZXh0LWFsaWduJTNBJTIwY2VudGVyJTNCJTIyJTNFJTNDZW0lM0VFdmVyJTIwRXZvbHZpbmclMjBBbmltYXRpb24lMjBmcm9tJTIwMjAxMiUyMC0lMjBub3clMEElM0MlMkZlbSUzRQ==[\/vc_raw_html][\/vc_column][vc_column width=&#8221;1\/6&#8243;][\/vc_column][\/vc_row][vc_row fullwidth=&#8221;1&#8243; css=&#8221;.vc_custom_1483721268828{background-color: #ddd9c7 !important;}&#8221;][vc_column][vc_row_inner css=&#8221;.vc_custom_1483721299443{padding-top: 20px !important;}&#8221;][vc_column_inner][vc_column_text]<\/p>\n<h4 style=\"text-align: center;\"><em><strong>L\u2019\u0153uvre en Eternelle Evolution est une grande peinture aux techniques vari\u00e9es (huile et\/ou acrylique) constitu\u00e9e de plusieurs toiles, grandes et petites. Ces toiles vont ensemble, mais peuvent aussi exister seules. D\u00e8s qu\u2019une toile est vendue, elle est remplac\u00e9e par une nouvelle peinture, diff\u00e9rente, mais s\u2019ajustant \u00e9galement aux toiles adjacentes. En achetant une toile de cette \u0153uvre, vous aurez en main une pi\u00e8ce faisant partie d\u2019une entit\u00e9 plus grande !<\/strong><\/em><\/h4>\n<p>[\/vc_column_text][\/vc_column_inner][\/vc_row_inner][\/vc_column][\/vc_row][vc_row][vc_column width=&#8221;2\/3&#8243;][vc_single_image image=&#8221;1645&#8243; img_size=&#8221;full&#8221;][\/vc_column][vc_column width=&#8221;1\/3&#8243;][vc_column_text]<\/p>\n<blockquote><p>Marina :\u00a0 \u00ab\u00a0Je continuerai \u00e0 travailler sur cette \u0153uvre durant le reste de ma vie et j\u2019enregistrerai sur vid\u00e9o les r\u00e9sultats, afin qu\u2019au fil des ann\u00e9es, cette \u0153uvre en Eternelle Evolution devienne une peinture anim\u00e9e. Avec le temps, j\u2019esp\u00e8re trouver d\u2019autres artistes qui travailleront sur cette \u0153uvre en Eternelle Evolution.\u00a0\u00bb<\/p><\/blockquote>\n<p>[\/vc_column_text][\/vc_column][\/vc_row][vc_row fullwidth=&#8221;1&#8243;][vc_column][vc_column_text]<\/p>\n<h3>Eternelle Evolution<\/h3>\n<p>[\/vc_column_text][vc_gallery type=&#8221;image_grid&#8221; images=&#8221;1961,1962,1963,1964,1965,1966,1967,1968,1969,1970,1971,1972,1973,1974,1975,1976,1977,1978,1979,1980,1981,1982,1983,1984,1985,1986,1987,1988,1989,1990,1991,1992,1993,1994,1995,1996&#8243; onclick=&#8221;img_link_large&#8221;][\/vc_column][\/vc_row]<\/p>","protected":false},"excerpt":{"rendered":"<p>[vc_row][vc_column][vc_empty_space][vc_column_text] Eternelle Evolution [\/vc_column_text][vc_empty_space height=&#8221;16px&#8221;][\/vc_column][\/vc_row][vc_row][vc_column width=&#8221;1\/6&#8243;][\/vc_column][vc_column width=&#8221;4\/6&#8243;][vc_raw_html]JTNDaWZyYW1lJTIwc3JjJTNEJTIyaHR0cHMlM0ElMkYlMkZ3d3cueW91dHViZS5jb20lMkZlbWJlZCUyRkl1Y2wwT281VTNJJTIyJTIwd2lkdGglM0QlMjI2MDAlMjIlMjBoZWlnaHQlM0QlMjIzNDIlMjIlMjBmcmFtZWJvcmRlciUzRCUyMjAlMjIlMjBhbGxvd2Z1bGxzY3JlZW4lM0QlMjJhbGxvd2Z1bGxzY3JlZW4lMjIlM0UlM0MlMkZpZnJhbWUlM0UlMEElM0NwJTIwc3R5bGUlM0QlMjJ0ZXh0LWFsaWduJTNBJTIwY2VudGVyJTNCJTIyJTNFJTNDZW0lM0VFdmVyJTIwRXZvbHZpbmclMjBBbmltYXRpb24lMjBmcm9tJTIwMjAxMiUyMC0lMjBub3clMEElM0MlMkZlbSUzRQ==[\/vc_raw_html][\/vc_column][vc_column width=&#8221;1\/6&#8243;][\/vc_column][\/vc_row][vc_row fullwidth=&#8221;1&#8243; css=&#8221;.vc_custom_1483721268828{background-color: #ddd9c7 !important;}&#8221;][vc_column][vc_row_inner css=&#8221;.vc_custom_1483721299443{padding-top: 20px !important;}&#8221;][vc_column_inner][vc_column_text] L\u2019\u0153uvre en Eternelle Evolution est une grande peinture aux techniques vari\u00e9es (huile et\/ou acrylique) constitu\u00e9e de plusieurs toiles, grandes et&#8230;<\/p>\n","protected":false},"author":3,"featured_media":0,"parent":153,"menu_order":1,"comment_status":"closed","ping_status":"closed","template":"","meta":[],"_links":{"self":[{"href":"https:\/\/www.marinakulik.com\/fr\/wp-json\/wp\/v2\/pages\/1307"}],"collection":[{"href":"https:\/\/www.marinakulik.com\/fr\/wp-json\/wp\/v2\/pages"}],"about":[{"href":"https:\/\/www.marinakulik.com\/fr\/wp-json\/wp\/v2\/types\/page"}],"author":[{"embeddable":true,"href":"https:\/\/www.marinakulik.com\/fr\/wp-json\/wp\/v2\/users\/3"}],"replies":[{"embeddable":true,"href":"https:\/\/www.marinakulik.com\/fr\/wp-json\/wp\/v2\/comments?post=1307"}],"version-history":[{"count":20,"href":"https:\/\/www.marinakulik.com\/fr\/wp-json\/wp\/v2\/pages\/1307\/revisions"}],"predecessor-version":[{"id":2747,"href":"https:\/\/www.marinakulik.com\/fr\/wp-json\/wp\/v2\/pages\/1307\/revisions\/2747"}],"up":[{"embeddable":true,"href":"https:\/\/www.marinakulik.com\/fr\/wp-json\/wp\/v2\/pages\/153"}],"wp:attachment":[{"href":"https:\/\/www.marinakulik.com\/fr\/wp-json\/wp\/v2\/media?parent=1307"}],"curies":[{"name":"wp","href":"https:\/\/api.w.org\/{rel}","templated":true}]}}