{"id":1883,"date":"2010-04-18T22:39:04","date_gmt":"2010-04-18T20:39:04","guid":{"rendered":"http:\/\/www.marinakulik.fr\/?page_id=2"},"modified":"2024-09-10T11:21:36","modified_gmt":"2024-09-10T09:21:36","slug":"about","status":"publish","type":"page","link":"https:\/\/www.marinakulik.com\/fr\/about\/","title":{"rendered":"Pr\u00e9sentation"},"content":{"rendered":"<p>[vc_row][vc_column][vc_empty_space][vc_column_text]<\/p>\n<h1 class=\"title\">A propos de Marina Kulik<\/h1>\n<p>[\/vc_column_text][vc_column_text]Marina Kulik a fait des \u00e9tudes de design monumental \u00e0 l\u2019\u00e9cole des arts HKU \u00e0 Utrecht, Pays-Bas et est diplom\u00e9e de dessin, graphisme et peinture.<br \/>\nDepuis 2000, Marina travaille en France comme artiste ind\u00e9pendant \u00e0 plein temps. Elle r\u00e9partit son temps entre les projets monumentaux, la peinture autonome et l\u2019enseignement (aquarelle et dessin mod\u00e8le vivant) au Centre des Arts \u00e0 Ch\u00e2teauneuf.<\/p>\n<p>Comme Victor &amp; Rolf et Jean Paul Gaultier avant et apr\u00e8s elle, Marina a con\u00e7ue l\u2019Artbag 2012 pour la Fondation du Sida N\u00e9erlandaise. Elle a peint le portrait de la Reine pour le Consulat des Pays-Bas \u00e0 Nice et a gagn\u00e9e le GP d\u2019Aquarelle. Elle travaille dans le paysage avec des pigments naturels \u00e0 des illusions optiques, comme ses peintures souvent bas\u00e9s sur l\u2019ADN[\/vc_column_text][\/vc_column][\/vc_row][vc_row][vc_column width=&#8221;1\/3&#8243;][vc_single_image image=&#8221;2247&#8243; img_size=&#8221;full&#8221;][\/vc_column][vc_column width=&#8221;1\/3&#8243;][vc_column_text]<\/p>\n<blockquote><p>&#8220;\u201cEn tant qu&#8217;artiste monumental je pr\u00e9f\u00e8re travailler avec l&#8217;inspiration d&#8217;une pi\u00e8ce ou une construction, et les souhaits du client. Dans la nature j&#8217;utilise le perspective et l&#8217;environnement dans des concepts souvent inspir\u00e9s par l&#8217;ADN. Je lance \u00e9galement mes propres projets, comme la fresque de maintenant 6 m\u00e8tres, &#8216;l\u2019\u0153uvre en eternelle \u00e9volution&#8217;..&#8221;<\/p><\/blockquote>\n<p>[\/vc_column_text][\/vc_column][vc_column width=&#8221;1\/3&#8243;][vc_single_image image=&#8221;2398&#8243; img_size=&#8221;full&#8221;][\/vc_column][\/vc_row]<\/p>","protected":false},"excerpt":{"rendered":"<p>[vc_row][vc_column][vc_empty_space][vc_column_text] A propos de Marina Kulik [\/vc_column_text][vc_column_text]Marina Kulik a fait des \u00e9tudes de design monumental \u00e0 l\u2019\u00e9cole des arts HKU \u00e0 Utrecht, Pays-Bas et est diplom\u00e9e de dessin, graphisme et peinture. Depuis 2000, Marina travaille&#8230;<\/p>\n","protected":false},"author":1,"featured_media":0,"parent":0,"menu_order":1,"comment_status":"closed","ping_status":"closed","template":"","meta":[],"_links":{"self":[{"href":"https:\/\/www.marinakulik.com\/fr\/wp-json\/wp\/v2\/pages\/1883"}],"collection":[{"href":"https:\/\/www.marinakulik.com\/fr\/wp-json\/wp\/v2\/pages"}],"about":[{"href":"https:\/\/www.marinakulik.com\/fr\/wp-json\/wp\/v2\/types\/page"}],"author":[{"embeddable":true,"href":"https:\/\/www.marinakulik.com\/fr\/wp-json\/wp\/v2\/users\/1"}],"replies":[{"embeddable":true,"href":"https:\/\/www.marinakulik.com\/fr\/wp-json\/wp\/v2\/comments?post=1883"}],"version-history":[{"count":17,"href":"https:\/\/www.marinakulik.com\/fr\/wp-json\/wp\/v2\/pages\/1883\/revisions"}],"predecessor-version":[{"id":2437,"href":"https:\/\/www.marinakulik.com\/fr\/wp-json\/wp\/v2\/pages\/1883\/revisions\/2437"}],"wp:attachment":[{"href":"https:\/\/www.marinakulik.com\/fr\/wp-json\/wp\/v2\/media?parent=1883"}],"curies":[{"name":"wp","href":"https:\/\/api.w.org\/{rel}","templated":true}]}}