{"id":1923,"date":"2016-11-28T11:40:55","date_gmt":"2016-11-28T10:40:55","guid":{"rendered":"http:\/\/new.marinakulik.com\/?page_id=1923"},"modified":"2024-09-11T18:10:58","modified_gmt":"2024-09-11T16:10:58","slug":"marina-kulik-ever-evolving-works-of-art","status":"publish","type":"page","link":"https:\/\/www.marinakulik.com\/fr\/","title":{"rendered":"Bienvenue sur le site de Marina Kulik!"},"content":{"rendered":"<p>[vc_row][vc_column][vc_empty_space][\/vc_column][\/vc_row][vc_row][vc_column][vc_column_text]<\/p>\n<h1>Bienvenue sur le site de Marina Kulik!<\/h1>\n<p>[\/vc_column_text][\/vc_column][\/vc_row][vc_row][vc_column width=&#8221;1\/3&#8243;][vc_single_image image=&#8221;2874&#8243; img_size=&#8221;full&#8221; css_animation=&#8221;fadeIn&#8221;][\/vc_column][vc_column width=&#8221;2\/3&#8243;][vc_column_text]<\/p>\n<p style=\"text-align: justify;\">\u00ab Comme artiste peintre j\u2019exprime mes \u00e9motions \u00e0 travers de couleurs vives et joyeuses d\u2019une part \u2013 et le jeu d\u00e9licat et subtil de la transparence d\u2019autre part.<br \/>\nJ\u2019aime les deux et ce qui relie ces aspects diff\u00e9rents est ma perspective positive. Dans mes projets 3D c\u2019est la m\u00eame chose, je travaille avec des couleurs vives et joyeuses, ou avec des mat\u00e9riaux de la nature. Avec les concepts simples qui impliquent l\u2019environnement et leur perspective dans les illusions d\u2019optique.<br \/>\nL&#8217;originalit\u00e9 est importante pour moi et je travaille dur pour cr\u00e9er des \u0153uvres pr\u00e9cieuses directement du c\u0153ur, en esp\u00e9rant \u00eatre comprise et reconnue&#8230;.\u00ab<\/p>\n<p>[\/vc_column_text][\/vc_column][\/vc_row][vc_row][vc_column width=&#8221;1\/2&#8243;][vc_column_text]<\/p>\n<p style=\"text-align: justify;\">Marina Kulik travaille comme artiste \u00e0 plein temps dans le sud de la France. Elle partage son temps entre la peinture autonome, les projets 3D, le Live Painting, et l&#8217;enseignement de l&#8217;aquarelle et du dessin d&#8217;apr\u00e8s mod\u00e8le vivant. Son travail est reconnu internationalement ; elle a r\u00e9cemment \u00e9t\u00e9 invit\u00e9e \u00e0 concevoir des vitraux pour Notre-Dame de Paris et son aquarelle de la Baleine Bleue a \u00e9t\u00e9 s\u00e9lectionn\u00e9e pour la couverture d&#8217;un \u00e9co-myst\u00e8re am\u00e9ricain. L&#8217;aquarelle de Marina &#8220;Big Rose&#8221; a \u00e9t\u00e9 choisie comme design pour l&#8217;Artbag du Fonds de Lutte contre le<\/p>\n<p>[\/vc_column_text][\/vc_column][vc_column width=&#8221;1\/2&#8243;][vc_column_text]<\/p>\n<p style=\"text-align: justify;\">SIDA n\u00e9erlandais (le pr\u00e9c\u00e9dent design par Victor&amp;Rolf et le suivant par Jean Paul Gaultier!). Le portrait de la reine orne le consulat n\u00e9erlandais \u00e0 Nice, elle a remport\u00e9 le Grand Prix d&#8217;Aquarelle et a \u00e9t\u00e9 pr\u00e9sent\u00e9e dans le magazine international bien connu *The Art of Watercolours* (l&#8217;Art de l&#8217;Aquarelle). Les \u0153uvres de Marina se trouvent dans des galeries et des collections priv\u00e9es \u00e0 travers le monde. Elle expose souvent \u00e0 l&#8217;international, plus r\u00e9cemment \u00e0 Seattle, Rotterdam, Copenhague, et en France \u00e0 Paris, Th\u00e9oule sur Mer et Valbonne.&#8221;<\/p>\n<p>[\/vc_column_text][\/vc_column][\/vc_row][vc_row][vc_column][vc_column_text]<\/p>\n<h3>Latest Work<\/h3>\n<p>[\/vc_column_text][vc_gallery type=&#8221;image_grid&#8221; images=&#8221;2974,1954,2879,2882,2881,2880,2885,2884,2883,2887,2886,2888&#8243; onclick=&#8221;img_link_large&#8221;][\/vc_column][\/vc_row]<\/p>","protected":false},"excerpt":{"rendered":"<p>[vc_row][vc_column][vc_empty_space][\/vc_column][\/vc_row][vc_row][vc_column][vc_column_text] Bienvenue sur le site de Marina Kulik! [\/vc_column_text][\/vc_column][\/vc_row][vc_row][vc_column width=&#8221;1\/3&#8243;][vc_single_image image=&#8221;2874&#8243; img_size=&#8221;full&#8221; css_animation=&#8221;fadeIn&#8221;][\/vc_column][vc_column width=&#8221;2\/3&#8243;][vc_column_text] \u00ab Comme artiste peintre j\u2019exprime mes \u00e9motions \u00e0 travers de couleurs vives et joyeuses d\u2019une part \u2013 et le jeu d\u00e9licat&#8230;<\/p>\n","protected":false},"author":1,"featured_media":0,"parent":0,"menu_order":0,"comment_status":"closed","ping_status":"closed","template":"","meta":[],"_links":{"self":[{"href":"https:\/\/www.marinakulik.com\/fr\/wp-json\/wp\/v2\/pages\/1923"}],"collection":[{"href":"https:\/\/www.marinakulik.com\/fr\/wp-json\/wp\/v2\/pages"}],"about":[{"href":"https:\/\/www.marinakulik.com\/fr\/wp-json\/wp\/v2\/types\/page"}],"author":[{"embeddable":true,"href":"https:\/\/www.marinakulik.com\/fr\/wp-json\/wp\/v2\/users\/1"}],"replies":[{"embeddable":true,"href":"https:\/\/www.marinakulik.com\/fr\/wp-json\/wp\/v2\/comments?post=1923"}],"version-history":[{"count":58,"href":"https:\/\/www.marinakulik.com\/fr\/wp-json\/wp\/v2\/pages\/1923\/revisions"}],"predecessor-version":[{"id":3021,"href":"https:\/\/www.marinakulik.com\/fr\/wp-json\/wp\/v2\/pages\/1923\/revisions\/3021"}],"wp:attachment":[{"href":"https:\/\/www.marinakulik.com\/fr\/wp-json\/wp\/v2\/media?parent=1923"}],"curies":[{"name":"wp","href":"https:\/\/api.w.org\/{rel}","templated":true}]}}