{"id":2397,"date":"2017-01-12T10:02:38","date_gmt":"2017-01-12T09:02:38","guid":{"rendered":"http:\/\/new.marinakulik.com\/?page_id=2397"},"modified":"2020-11-27T23:30:14","modified_gmt":"2020-11-27T22:30:14","slug":"projects","status":"publish","type":"page","link":"https:\/\/www.marinakulik.com\/fr\/projects\/","title":{"rendered":"Projets"},"content":{"rendered":"<p>[vc_row][vc_column][vc_empty_space][vc_column_text]<\/p>\n<h1>Projets<\/h1>\n<p><span id=\"result_box\" class=\"\" lang=\"fr\"><span class=\"\">Cette page (en construction) montre photos des projets d&#8217;art pr\u00e9c\u00e9dents.<\/span> <span class=\"\">Cr\u00e9\u00e9 \u00e0 l&#8217;ext\u00e9rieur dans la nature, ou dans, ou \u00e0 c\u00f4t\u00e9 des b\u00e2timents.<\/span> <span class=\"\">Ils sont tridimensionnels et la plupart du temps j&#8217;essaie utiliser la perspective et les illusions optiques.<\/span> <span class=\"\">Les \u0153uvres ne sont pas n\u00e9cessairement peintes &#8211; mais jusqu&#8217;\u00e0 pr\u00e9sent la plupart des projets aient impliqu\u00e9 la peinture.<\/span><br \/>\n<span class=\"alt-edited\">Parfois je suis invit\u00e9 \u00e0 cr\u00e9er une installation, mais g\u00e9n\u00e9ralement je re\u00e7ois ces commissions en souscrivant aux offres ou des appels pour les artistes.<\/span><\/span>[\/vc_column_text][vc_empty_space height=&#8221;16px&#8221;][\/vc_column][\/vc_row][vc_row][vc_column][vc_gallery type=&#8221;image_grid&#8221; images=&#8221;2398,2399,2400,2401,2402,2403,2404,2405,2406,2407,2408,2409,2410,2411&#8243; onclick=&#8221;img_link_large&#8221;][\/vc_column][\/vc_row]<\/p>","protected":false},"excerpt":{"rendered":"<p>[vc_row][vc_column][vc_empty_space][vc_column_text] Projets Cette page (en construction) montre photos des projets d&#8217;art pr\u00e9c\u00e9dents. Cr\u00e9\u00e9 \u00e0 l&#8217;ext\u00e9rieur dans la nature, ou dans, ou \u00e0 c\u00f4t\u00e9 des b\u00e2timents. Ils sont tridimensionnels et la plupart du temps j&#8217;essaie utiliser&#8230;<\/p>\n","protected":false},"author":1,"featured_media":0,"parent":0,"menu_order":0,"comment_status":"closed","ping_status":"closed","template":"","meta":[],"_links":{"self":[{"href":"https:\/\/www.marinakulik.com\/fr\/wp-json\/wp\/v2\/pages\/2397"}],"collection":[{"href":"https:\/\/www.marinakulik.com\/fr\/wp-json\/wp\/v2\/pages"}],"about":[{"href":"https:\/\/www.marinakulik.com\/fr\/wp-json\/wp\/v2\/types\/page"}],"author":[{"embeddable":true,"href":"https:\/\/www.marinakulik.com\/fr\/wp-json\/wp\/v2\/users\/1"}],"replies":[{"embeddable":true,"href":"https:\/\/www.marinakulik.com\/fr\/wp-json\/wp\/v2\/comments?post=2397"}],"version-history":[{"count":10,"href":"https:\/\/www.marinakulik.com\/fr\/wp-json\/wp\/v2\/pages\/2397\/revisions"}],"predecessor-version":[{"id":2779,"href":"https:\/\/www.marinakulik.com\/fr\/wp-json\/wp\/v2\/pages\/2397\/revisions\/2779"}],"wp:attachment":[{"href":"https:\/\/www.marinakulik.com\/fr\/wp-json\/wp\/v2\/media?parent=2397"}],"curies":[{"name":"wp","href":"https:\/\/api.w.org\/{rel}","templated":true}]}}