{"id":258,"date":"2010-06-05T23:05:10","date_gmt":"2010-06-05T21:05:10","guid":{"rendered":"http:\/\/www.marinakulik.fr\/?page_id=258"},"modified":"2017-01-12T09:25:34","modified_gmt":"2017-01-12T08:25:34","slug":"commissions","status":"publish","type":"page","link":"https:\/\/www.marinakulik.com\/fr\/portfolio\/commissions\/","title":{"rendered":"COMMISSIONS"},"content":{"rendered":"<p>[vc_row][vc_column width=&#8221;1\/6&#8243;][vc_empty_space][vc_single_image image=&#8221;2328&#8243; img_size=&#8221;full&#8221; onclick=&#8221;custom_link&#8221; link=&#8221;http:\/\/www.marinakulik.com\/portfolio\/commissions\/portrait-cms\/&#8221;][vc_single_image image=&#8221;2329&#8243; img_size=&#8221;full&#8221; onclick=&#8221;custom_link&#8221; link=&#8221;http:\/\/www.marinakulik.com\/portfolio\/commissions\/houses\/&#8221;][\/vc_column][vc_column width=&#8221;5\/6&#8243;][vc_empty_space][vc_column_text]<\/p>\n<h1>COMMISSIONS<\/h1>\n<p>Outre l\u2019enseignement et la cr\u00e9ation de peintures issues de mes propres id\u00e9es et mon imagination, je travaille souvent sur commande. En g\u00e9n\u00e9ral, il s\u2019agit de portraits d\u2019enfants, d\u2019adultes et d\u2019animaux de compagnie. Je suis sp\u00e9cialis\u00e9e en &#8216;reconstructions&#8217;\u00a0: \u00a0j\u2019utilise une s\u00e9rie de photos pour reconstituer un portrait.<\/p>\n<p>Pour les entreprises (magazines, agences immobili\u00e8res, architectes), je cr\u00e9e des peintures architecturales.<\/p>\n<p>Si vous souhaitez en savoir davantage, veuillez visiter la page &#8216;<a href=\"http:\/\/new.marinakulik.com\/contact\/\">contact<\/a>&#8216; et compl\u00e9ter le formulaire.[\/vc_column_text][\/vc_column][\/vc_row]<\/p>","protected":false},"excerpt":{"rendered":"<p>[vc_row][vc_column width=&#8221;1\/6&#8243;][vc_empty_space][vc_single_image image=&#8221;2328&#8243; img_size=&#8221;full&#8221; onclick=&#8221;custom_link&#8221; link=&#8221;http:\/\/www.marinakulik.com\/portfolio\/commissions\/portrait-cms\/&#8221;][vc_single_image image=&#8221;2329&#8243; img_size=&#8221;full&#8221; onclick=&#8221;custom_link&#8221; link=&#8221;http:\/\/www.marinakulik.com\/portfolio\/commissions\/houses\/&#8221;][\/vc_column][vc_column width=&#8221;5\/6&#8243;][vc_empty_space][vc_column_text] COMMISSIONS Outre l\u2019enseignement et la cr\u00e9ation de peintures issues de mes propres id\u00e9es et mon imagination, je travaille souvent sur commande. En g\u00e9n\u00e9ral, il&#8230;<\/p>\n","protected":false},"author":3,"featured_media":0,"parent":153,"menu_order":7,"comment_status":"closed","ping_status":"closed","template":"","meta":[],"_links":{"self":[{"href":"https:\/\/www.marinakulik.com\/fr\/wp-json\/wp\/v2\/pages\/258"}],"collection":[{"href":"https:\/\/www.marinakulik.com\/fr\/wp-json\/wp\/v2\/pages"}],"about":[{"href":"https:\/\/www.marinakulik.com\/fr\/wp-json\/wp\/v2\/types\/page"}],"author":[{"embeddable":true,"href":"https:\/\/www.marinakulik.com\/fr\/wp-json\/wp\/v2\/users\/3"}],"replies":[{"embeddable":true,"href":"https:\/\/www.marinakulik.com\/fr\/wp-json\/wp\/v2\/comments?post=258"}],"version-history":[{"count":4,"href":"https:\/\/www.marinakulik.com\/fr\/wp-json\/wp\/v2\/pages\/258\/revisions"}],"predecessor-version":[{"id":2333,"href":"https:\/\/www.marinakulik.com\/fr\/wp-json\/wp\/v2\/pages\/258\/revisions\/2333"}],"up":[{"embeddable":true,"href":"https:\/\/www.marinakulik.com\/fr\/wp-json\/wp\/v2\/pages\/153"}],"wp:attachment":[{"href":"https:\/\/www.marinakulik.com\/fr\/wp-json\/wp\/v2\/media?parent=258"}],"curies":[{"name":"wp","href":"https:\/\/api.w.org\/{rel}","templated":true}]}}