{"id":270,"date":"2010-06-08T20:47:45","date_gmt":"2010-06-08T18:47:45","guid":{"rendered":"http:\/\/www.marinakulik.fr\/?page_id=270"},"modified":"2024-09-09T17:56:00","modified_gmt":"2024-09-09T15:56:00","slug":"portrait-cms","status":"publish","type":"page","link":"https:\/\/www.marinakulik.com\/fr\/portfolio\/commissions\/portrait-cms\/","title":{"rendered":"Portrait cms"},"content":{"rendered":"<p>[vc_row][vc_column][vc_empty_space][vc_column_text]<\/p>\n<h1>Portraits faits sur commande.<\/h1>\n<p>Il s\u2019agit principalement d\u2019aquarelles, mais je dessine aussi au crayon ou au stylo (s\u00e9pia). Ma sp\u00e9cialit\u00e9, c\u2019est la reconstruction : gr\u00e2ce \u00e0 des photos anciennes (noir et blanc) et de nombreuses d\u00e9lib\u00e9rations avec les donneurs d\u2019ordre, je construis mon portrait en aquarelle. Les tarifs d\u2019un portrait sont \u00e0 partir de 1250 \u20ac. Je travaille \u00e0 base de photos et de pr\u00e9f\u00e9rence d\u2019une session de pose. Le portrait est livr\u00e9 avec un livre \u00ab making of \u00bb contenant des esquisses, des essais, des palettes de couleur et un compte rendu du projet.[\/vc_column_text][vc_empty_space height=&#8221;16px&#8221;][\/vc_column][\/vc_row][vc_row][vc_column][vc_gallery type=&#8221;image_grid&#8221; images=&#8221;2391,2390,2389,2388,2387,2386,2385,2384,2383,2394,2382,2381,2380,2379,2378,2377,2376&#8243; onclick=&#8221;img_link_large&#8221;][\/vc_column][\/vc_row]<\/p>","protected":false},"excerpt":{"rendered":"<p>[vc_row][vc_column][vc_empty_space][vc_column_text] Portraits faits sur commande. Il s\u2019agit principalement d\u2019aquarelles, mais je dessine aussi au crayon ou au stylo (s\u00e9pia). Ma sp\u00e9cialit\u00e9, c\u2019est la reconstruction : gr\u00e2ce \u00e0 des photos anciennes (noir et blanc) et de&#8230;<\/p>\n","protected":false},"author":3,"featured_media":0,"parent":258,"menu_order":0,"comment_status":"closed","ping_status":"closed","template":"","meta":[],"_links":{"self":[{"href":"https:\/\/www.marinakulik.com\/fr\/wp-json\/wp\/v2\/pages\/270"}],"collection":[{"href":"https:\/\/www.marinakulik.com\/fr\/wp-json\/wp\/v2\/pages"}],"about":[{"href":"https:\/\/www.marinakulik.com\/fr\/wp-json\/wp\/v2\/types\/page"}],"author":[{"embeddable":true,"href":"https:\/\/www.marinakulik.com\/fr\/wp-json\/wp\/v2\/users\/3"}],"replies":[{"embeddable":true,"href":"https:\/\/www.marinakulik.com\/fr\/wp-json\/wp\/v2\/comments?post=270"}],"version-history":[{"count":7,"href":"https:\/\/www.marinakulik.com\/fr\/wp-json\/wp\/v2\/pages\/270\/revisions"}],"predecessor-version":[{"id":2985,"href":"https:\/\/www.marinakulik.com\/fr\/wp-json\/wp\/v2\/pages\/270\/revisions\/2985"}],"up":[{"embeddable":true,"href":"https:\/\/www.marinakulik.com\/fr\/wp-json\/wp\/v2\/pages\/258"}],"wp:attachment":[{"href":"https:\/\/www.marinakulik.com\/fr\/wp-json\/wp\/v2\/media?parent=270"}],"curies":[{"name":"wp","href":"https:\/\/api.w.org\/{rel}","templated":true}]}}