{"id":2753,"date":"2020-11-25T10:04:24","date_gmt":"2020-11-25T09:04:24","guid":{"rendered":"http:\/\/www.marinakulik.com\/?page_id=2753"},"modified":"2024-09-07T16:24:01","modified_gmt":"2024-09-07T14:24:01","slug":"mandalas","status":"publish","type":"page","link":"https:\/\/www.marinakulik.com\/fr\/portfolio\/mandalas\/","title":{"rendered":"Mandalas"},"content":{"rendered":"<p>[vc_row][vc_column][vc_empty_space][vc_column_text]<\/p>\n<h1>Mandalas<\/h1>\n<p style=\"text-align: justify;\">Derni\u00e8rement, j&#8217;ai peint des mandalas et il s&#8217;av\u00e8re que c&#8217;est ma nouvelle chose pr\u00e9f\u00e9r\u00e9e! Tellement merveilleux de laisser libre cours \u00e0 l&#8217;imagination &#8211; je suis toujours inspir\u00e9 en les peignant. Chaque forme que j&#8217;introduis repr\u00e9sente ou symbolise. Tous les mandalas ont une histoire. Je les cr\u00e9e pour moi-m\u00eame ou pour honorer les autres &#8211; des commandes accept\u00e9es avec bonheur!<\/p>\n<p>[\/vc_column_text][vc_empty_space height=&#8221;16px&#8221;][\/vc_column][\/vc_row][vc_row fullwidth=&#8221;1&#8243;][vc_column][vc_gallery type=&#8221;image_grid&#8221; images=&#8221;2759,2757,2762,2741,2763,2761,2764,2765&#8243; onclick=&#8221;img_link_large&#8221;][\/vc_column][\/vc_row]<\/p>","protected":false},"excerpt":{"rendered":"<p>[vc_row][vc_column][vc_empty_space][vc_column_text] Mandalas Derni\u00e8rement, j&#8217;ai peint des mandalas et il s&#8217;av\u00e8re que c&#8217;est ma nouvelle chose pr\u00e9f\u00e9r\u00e9e! Tellement merveilleux de laisser libre cours \u00e0 l&#8217;imagination &#8211; je suis toujours inspir\u00e9 en les peignant. Chaque forme que&#8230;<\/p>\n","protected":false},"author":1,"featured_media":0,"parent":153,"menu_order":1,"comment_status":"closed","ping_status":"closed","template":"","meta":[],"_links":{"self":[{"href":"https:\/\/www.marinakulik.com\/fr\/wp-json\/wp\/v2\/pages\/2753"}],"collection":[{"href":"https:\/\/www.marinakulik.com\/fr\/wp-json\/wp\/v2\/pages"}],"about":[{"href":"https:\/\/www.marinakulik.com\/fr\/wp-json\/wp\/v2\/types\/page"}],"author":[{"embeddable":true,"href":"https:\/\/www.marinakulik.com\/fr\/wp-json\/wp\/v2\/users\/1"}],"replies":[{"embeddable":true,"href":"https:\/\/www.marinakulik.com\/fr\/wp-json\/wp\/v2\/comments?post=2753"}],"version-history":[{"count":12,"href":"https:\/\/www.marinakulik.com\/fr\/wp-json\/wp\/v2\/pages\/2753\/revisions"}],"predecessor-version":[{"id":2902,"href":"https:\/\/www.marinakulik.com\/fr\/wp-json\/wp\/v2\/pages\/2753\/revisions\/2902"}],"up":[{"embeddable":true,"href":"https:\/\/www.marinakulik.com\/fr\/wp-json\/wp\/v2\/pages\/153"}],"wp:attachment":[{"href":"https:\/\/www.marinakulik.com\/fr\/wp-json\/wp\/v2\/media?parent=2753"}],"curies":[{"name":"wp","href":"https:\/\/api.w.org\/{rel}","templated":true}]}}