{"id":2827,"date":"2024-09-06T17:44:09","date_gmt":"2024-09-06T15:44:09","guid":{"rendered":"https:\/\/www.marinakulik.com\/?page_id=2827"},"modified":"2024-10-16T21:47:38","modified_gmt":"2024-10-16T19:47:38","slug":"live-party-painting","status":"publish","type":"page","link":"https:\/\/www.marinakulik.com\/fr\/live-painting\/live-party-painting\/","title":{"rendered":"Live Party Painting"},"content":{"rendered":"<p>[vc_row][vc_column][vc_column_text]Une grande peinture en acrylique de vos invit\u00e9s, r\u00e9alis\u00e9 en &#8216;live&#8217;!<\/p>\n<p>Pendant l&#8217;\u00e9v\u00e9nement, un grand tableau, comprenant des portraits simples des participants, est r\u00e9alis\u00e9. Avec de la peinture acrylique sur toile, le tableau sera sec \u00e0 la fin de la f\u00eate et pourra \u00eatre transport\u00e9 imm\u00e9diatement.<\/p>\n<p>La cr\u00e9ation du tableau prendra environ 4 heures, de l&#8217;esquisse \u00e0 la toile finale<\/p>\n<p>Deux semaines plus tard, vous pourrez remercier vos invit\u00e9s avec une carte A5 du tableau &#8211; 100 cartes seront imprim\u00e9es pour vous, avec votre texte personnalis\u00e9.[\/vc_column_text][\/vc_column][\/vc_row][vc_row][vc_column][vc_gallery type=&#8221;image_grid&#8221; images=&#8221;2825,2829,2830&#8243;][\/vc_column][\/vc_row][vc_row][vc_column][vc_column_text]Le prix total d&#8217;un tableau en direct est de 1500 \u20ac, y compris le d\u00e9placement (max 50 km), les heures, le mat\u00e9riel et 100 cartes personnalis\u00e9es.<\/p>\n<p>Nous d\u00e9terminons la taille du tableau ensemble &#8211; cela n&#8217;a g\u00e9n\u00e9ralement pas d&#8217;incidence sur le prix.<\/p>\n<p>Int\u00e9ress\u00e9 ? Plus d&#8217;informations ? Envoyez-moi un e-mail <a href=\"https:\/\/www.marinakulik.com\/contact\/\">via la page de contact<\/a>[\/vc_column_text][\/vc_column][\/vc_row]<\/p>","protected":false},"excerpt":{"rendered":"<p>[vc_row][vc_column][vc_column_text]Une grande peinture en acrylique de vos invit\u00e9s, r\u00e9alis\u00e9 en &#8216;live&#8217;! Pendant l&#8217;\u00e9v\u00e9nement, un grand tableau, comprenant des portraits simples des participants, est r\u00e9alis\u00e9. Avec de la peinture acrylique sur toile, le tableau sera sec&#8230;<\/p>\n","protected":false},"author":3,"featured_media":0,"parent":2823,"menu_order":0,"comment_status":"closed","ping_status":"closed","template":"","meta":[],"_links":{"self":[{"href":"https:\/\/www.marinakulik.com\/fr\/wp-json\/wp\/v2\/pages\/2827"}],"collection":[{"href":"https:\/\/www.marinakulik.com\/fr\/wp-json\/wp\/v2\/pages"}],"about":[{"href":"https:\/\/www.marinakulik.com\/fr\/wp-json\/wp\/v2\/types\/page"}],"author":[{"embeddable":true,"href":"https:\/\/www.marinakulik.com\/fr\/wp-json\/wp\/v2\/users\/3"}],"replies":[{"embeddable":true,"href":"https:\/\/www.marinakulik.com\/fr\/wp-json\/wp\/v2\/comments?post=2827"}],"version-history":[{"count":10,"href":"https:\/\/www.marinakulik.com\/fr\/wp-json\/wp\/v2\/pages\/2827\/revisions"}],"predecessor-version":[{"id":3072,"href":"https:\/\/www.marinakulik.com\/fr\/wp-json\/wp\/v2\/pages\/2827\/revisions\/3072"}],"up":[{"embeddable":true,"href":"https:\/\/www.marinakulik.com\/fr\/wp-json\/wp\/v2\/pages\/2823"}],"wp:attachment":[{"href":"https:\/\/www.marinakulik.com\/fr\/wp-json\/wp\/v2\/media?parent=2827"}],"curies":[{"name":"wp","href":"https:\/\/api.w.org\/{rel}","templated":true}]}}