{"id":2837,"date":"2024-09-06T21:27:23","date_gmt":"2024-09-06T19:27:23","guid":{"rendered":"https:\/\/www.marinakulik.com\/?page_id=2837"},"modified":"2024-09-16T20:39:53","modified_gmt":"2024-09-16T18:39:53","slug":"live-party-drawing","status":"publish","type":"page","link":"https:\/\/www.marinakulik.com\/fr\/live-painting\/live-party-drawing\/","title":{"rendered":"Live Party Drawing"},"content":{"rendered":"<p>[vc_row][vc_column][vc_column_text]Pendant que votre \u00e9v\u00e9nement se d\u00e9roule, je r\u00e9alise des croquis rapides (ma sp\u00e9cialit\u00e9) de vos invit\u00e9s, au stylo et \u00e0 l&#8217;aquarelle.<br \/>\nLes croquis peuvent varier du portrait de visage au portrait en tenue compl\u00e8te, et d&#8217;une personne \u00e0 des couples ou des petits groupes.<br \/>\nIls sont destin\u00e9s \u00e0 \u00eatre des cadeaux pour vos invit\u00e9s, qui serviront de joli souvenir.[\/vc_column_text][\/vc_column][\/vc_row][vc_row][vc_column][vc_gallery type=&#8221;image_grid&#8221; images=&#8221;2845,2844,2843,2842,2841,2840,2848,2871&#8243;][\/vc_column][\/vc_row][vc_row][vc_column][vc_column_text]Le prix des Live Party Drawings est de 350 \u20ac par heure avec un minimum de 2 heures, y compris le d\u00e9placement (max 50 km) et le mat\u00e9riel.<br \/>\nLes croquis sont cr\u00e9\u00e9s sur du papier \u00e9pais de format A5 et peuvent comporter votre logo sur demande.<br \/>\nIls peuvent \u00eatre imprim\u00e9s dans un livret (des frais suppl\u00e9mentaires s&#8217;appliquent)<br \/>\nInt\u00e9ress\u00e9 ? Plus d&#8217;informations ?<br \/>\n<a href=\"https:\/\/www.marinakulik.com\/contact\/\">Envoyez-moi un e-mail via la page de contact<\/a>[\/vc_column_text][\/vc_column][\/vc_row]<\/p>","protected":false},"excerpt":{"rendered":"<p>[vc_row][vc_column][vc_column_text]Pendant que votre \u00e9v\u00e9nement se d\u00e9roule, je r\u00e9alise des croquis rapides (ma sp\u00e9cialit\u00e9) de vos invit\u00e9s, au stylo et \u00e0 l&#8217;aquarelle. Les croquis peuvent varier du portrait de visage au portrait en tenue compl\u00e8te, et&#8230;<\/p>\n","protected":false},"author":3,"featured_media":0,"parent":2823,"menu_order":0,"comment_status":"closed","ping_status":"closed","template":"","meta":[],"_links":{"self":[{"href":"https:\/\/www.marinakulik.com\/fr\/wp-json\/wp\/v2\/pages\/2837"}],"collection":[{"href":"https:\/\/www.marinakulik.com\/fr\/wp-json\/wp\/v2\/pages"}],"about":[{"href":"https:\/\/www.marinakulik.com\/fr\/wp-json\/wp\/v2\/types\/page"}],"author":[{"embeddable":true,"href":"https:\/\/www.marinakulik.com\/fr\/wp-json\/wp\/v2\/users\/3"}],"replies":[{"embeddable":true,"href":"https:\/\/www.marinakulik.com\/fr\/wp-json\/wp\/v2\/comments?post=2837"}],"version-history":[{"count":13,"href":"https:\/\/www.marinakulik.com\/fr\/wp-json\/wp\/v2\/pages\/2837\/revisions"}],"predecessor-version":[{"id":3057,"href":"https:\/\/www.marinakulik.com\/fr\/wp-json\/wp\/v2\/pages\/2837\/revisions\/3057"}],"up":[{"embeddable":true,"href":"https:\/\/www.marinakulik.com\/fr\/wp-json\/wp\/v2\/pages\/2823"}],"wp:attachment":[{"href":"https:\/\/www.marinakulik.com\/fr\/wp-json\/wp\/v2\/media?parent=2837"}],"curies":[{"name":"wp","href":"https:\/\/api.w.org\/{rel}","templated":true}]}}