{"id":2851,"date":"2024-09-06T22:43:54","date_gmt":"2024-09-06T20:43:54","guid":{"rendered":"https:\/\/www.marinakulik.com\/?page_id=2851"},"modified":"2024-09-16T21:10:39","modified_gmt":"2024-09-16T19:10:39","slug":"party-watercolour","status":"publish","type":"page","link":"https:\/\/www.marinakulik.com\/fr\/live-painting\/party-watercolour\/","title":{"rendered":"Aquarelle de F\u00eate"},"content":{"rendered":"<p>[vc_row][vc_column][vc_column_text]Une autre option est la cr\u00e9ation d&#8217;une aquarelle, \u00e0 partir de photos.<br \/>\nElle ne sera pas termin\u00e9e pendant l&#8217;\u00e9v\u00e9nement ou la f\u00eate, mais elle contiendra tout ce que vous voulez et toutes les personnes que vous souhaitez.<br \/>\nCette peinture sera cr\u00e9\u00e9e \u00e0 l&#8217;aquarelle et aura une taille g\u00e9rable.[\/vc_column_text][\/vc_column][\/vc_row][vc_row][vc_column][vc_gallery type=&#8221;image_grid&#8221; images=&#8221;2853&#8243;][\/vc_column][\/vc_row][vc_row][vc_column][vc_gallery type=&#8221;image_grid&#8221; images=&#8221;2941,2942,2943,2944&#8243;][\/vc_column][\/vc_row][vc_row][vc_column][vc_column_text]Le prix d&#8217;une aquarelle de f\u00eate r\u00e9alis\u00e9e \u00e0 partir de photos est de 750\u20ac.<br \/>\nElles sont r\u00e9alis\u00e9es sur du papier Arches Torchon 30x40cm de 300 grs, avec un passe-partout.<br \/>\nLes cartes sont \u00e9galement une possibilit\u00e9.<br \/>\nInt\u00e9ress\u00e9 ? Plus d&#8217;informations ?<a href=\"https:\/\/www.marinakulik.com\/contact\/\"> Envoyez-moi un mail via la page de contact<\/a>[\/vc_column_text][\/vc_column][\/vc_row]<\/p>","protected":false},"excerpt":{"rendered":"<p>[vc_row][vc_column][vc_column_text]Une autre option est la cr\u00e9ation d&#8217;une aquarelle, \u00e0 partir de photos. Elle ne sera pas termin\u00e9e pendant l&#8217;\u00e9v\u00e9nement ou la f\u00eate, mais elle contiendra tout ce que vous voulez et toutes les personnes que&#8230;<\/p>\n","protected":false},"author":3,"featured_media":0,"parent":2823,"menu_order":0,"comment_status":"closed","ping_status":"closed","template":"","meta":[],"_links":{"self":[{"href":"https:\/\/www.marinakulik.com\/fr\/wp-json\/wp\/v2\/pages\/2851"}],"collection":[{"href":"https:\/\/www.marinakulik.com\/fr\/wp-json\/wp\/v2\/pages"}],"about":[{"href":"https:\/\/www.marinakulik.com\/fr\/wp-json\/wp\/v2\/types\/page"}],"author":[{"embeddable":true,"href":"https:\/\/www.marinakulik.com\/fr\/wp-json\/wp\/v2\/users\/3"}],"replies":[{"embeddable":true,"href":"https:\/\/www.marinakulik.com\/fr\/wp-json\/wp\/v2\/comments?post=2851"}],"version-history":[{"count":15,"href":"https:\/\/www.marinakulik.com\/fr\/wp-json\/wp\/v2\/pages\/2851\/revisions"}],"predecessor-version":[{"id":3068,"href":"https:\/\/www.marinakulik.com\/fr\/wp-json\/wp\/v2\/pages\/2851\/revisions\/3068"}],"up":[{"embeddable":true,"href":"https:\/\/www.marinakulik.com\/fr\/wp-json\/wp\/v2\/pages\/2823"}],"wp:attachment":[{"href":"https:\/\/www.marinakulik.com\/fr\/wp-json\/wp\/v2\/media?parent=2851"}],"curies":[{"name":"wp","href":"https:\/\/api.w.org\/{rel}","templated":true}]}}