{"id":57,"date":"2010-05-05T14:25:56","date_gmt":"2010-05-05T12:25:56","guid":{"rendered":"http:\/\/www.marinakulik.fr\/portraits\/"},"modified":"2024-09-11T18:48:30","modified_gmt":"2024-09-11T16:48:30","slug":"portraits","status":"publish","type":"page","link":"https:\/\/www.marinakulik.com\/fr\/portfolio\/portraits\/","title":{"rendered":"Portraits"},"content":{"rendered":"<p>[vc_row][vc_column width=&#8221;1\/6&#8243;][vc_empty_space][vc_single_image image=&#8221;2145&#8243; img_size=&#8221;full&#8221;][vc_single_image image=&#8221;2146&#8243; img_size=&#8221;full&#8221;][\/vc_column][vc_column width=&#8221;5\/6&#8243;][vc_empty_space][vc_column_text]<\/p>\n<h1>Portraits<\/h1>\n<p>Portraits \u00e0 l&#8217;aquarelle sur papier torchon Arches de qualit\u00e9 sup\u00e9rieure ou papier fait main.<\/p>\n<p>Mes portraits sont presque toujours cr\u00e9\u00e9s sur commande. \u00c0 partir de photographies et si possible d&#8217;une s\u00e9ance &#8216;Live&#8217;. La plupart du temps \u00e0 l&#8217;aquarelle, mais exceptionnellement je travaille au crayon ou au stylo (s\u00e9pia). Le portrait est livr\u00e9 dans un passe-partout, avec un certificat et un livret &#8220;making of&#8221; avec croquis et photos, les prix commencent \u00e0 750\u20ac.<\/p>\n<p>Ma sp\u00e9cialit\u00e9 sont les &#8220;reconstructions&#8221; o\u00f9 je combine de vieilles photos (noir et blanc) et beaucoup de d\u00e9lib\u00e9ration avec les personnes impliqu\u00e9es, dans une aquarelle. Les prix pour une reconstruction commencent \u00e0 1250 \u20ac.<\/p>\n<p>Comme toujours, je suis heureux de donner plus d&#8217;informations, <a href=\"https:\/\/www.marinakulik.com\/contact\/\">n&#8217;h\u00e9sitez pas \u00e0 me contacter.<\/a>[\/vc_column_text][vc_empty_space height=&#8221;16px&#8221;][\/vc_column][\/vc_row][vc_row fullwidth=&#8221;1&#8243;][vc_column][vc_empty_space][vc_gallery type=&#8221;image_grid&#8221; images=&#8221;3034,3035,3031,3030,3028,3029,3033,3032,2769,2770,2663,2771,2622,2149,2621,2624,2151,2774,2153,2152,2154,2155,2156,2376,2178,2165,2157,2158,2159,2160,2377,2179,2161,2169,2162,2163,2166,2167,2170,2171,2172,2173,2175,2176,2177,2180,2978,2381,2380,2378,2382,2168&#8243; onclick=&#8221;img_link_large&#8221;][\/vc_column][\/vc_row][vc_row][vc_column][vc_column_text]<\/p>\n<p>[\/vc_column_text][\/vc_column][\/vc_row]<\/p>","protected":false},"excerpt":{"rendered":"<p>[vc_row][vc_column width=&#8221;1\/6&#8243;][vc_empty_space][vc_single_image image=&#8221;2145&#8243; img_size=&#8221;full&#8221;][vc_single_image image=&#8221;2146&#8243; img_size=&#8221;full&#8221;][\/vc_column][vc_column width=&#8221;5\/6&#8243;][vc_empty_space][vc_column_text] Portraits Portraits \u00e0 l&#8217;aquarelle sur papier torchon Arches de qualit\u00e9 sup\u00e9rieure ou papier fait main. Mes portraits sont presque toujours cr\u00e9\u00e9s sur commande. \u00c0 partir de photographies et&#8230;<\/p>\n","protected":false},"author":1,"featured_media":0,"parent":153,"menu_order":3,"comment_status":"closed","ping_status":"closed","template":"","meta":[],"_links":{"self":[{"href":"https:\/\/www.marinakulik.com\/fr\/wp-json\/wp\/v2\/pages\/57"}],"collection":[{"href":"https:\/\/www.marinakulik.com\/fr\/wp-json\/wp\/v2\/pages"}],"about":[{"href":"https:\/\/www.marinakulik.com\/fr\/wp-json\/wp\/v2\/types\/page"}],"author":[{"embeddable":true,"href":"https:\/\/www.marinakulik.com\/fr\/wp-json\/wp\/v2\/users\/1"}],"replies":[{"embeddable":true,"href":"https:\/\/www.marinakulik.com\/fr\/wp-json\/wp\/v2\/comments?post=57"}],"version-history":[{"count":28,"href":"https:\/\/www.marinakulik.com\/fr\/wp-json\/wp\/v2\/pages\/57\/revisions"}],"predecessor-version":[{"id":3027,"href":"https:\/\/www.marinakulik.com\/fr\/wp-json\/wp\/v2\/pages\/57\/revisions\/3027"}],"up":[{"embeddable":true,"href":"https:\/\/www.marinakulik.com\/fr\/wp-json\/wp\/v2\/pages\/153"}],"wp:attachment":[{"href":"https:\/\/www.marinakulik.com\/fr\/wp-json\/wp\/v2\/media?parent=57"}],"curies":[{"name":"wp","href":"https:\/\/api.w.org\/{rel}","templated":true}]}}