{"id":596,"date":"2010-11-15T00:05:36","date_gmt":"2010-11-14T22:05:36","guid":{"rendered":"http:\/\/www.marinakulik.com\/?page_id=596"},"modified":"2010-11-15T00:05:36","modified_gmt":"2010-11-14T22:05:36","slug":"aquarelle-technique","status":"publish","type":"page","link":"https:\/\/www.marinakulik.com\/fr\/about\/aquarelle-technique\/","title":{"rendered":"Aquarelle technique"},"content":{"rendered":"<p><\/p>\n<p><p style=\"text-align: justify;\">La &#8216;peinture \u00e0 l\u2019eau&#8217; est un terme d\u00e9signant toutes les techniques o\u00f9 on dilue de la peinture avec de l\u2019eau.\u00a0\u00a0 Les peintures acrylique, gouache et tempera sont les autres types, opaques, de peinture \u00e0 l\u2019eau. La caract\u00e9ristique principale de l\u2019aquarelle est sa transparence.\u00a0 Elle est faite de pigments v\u00e9g\u00e9taux, animaux et min\u00e9raux pulv\u00e9ris\u00e9s, de l\u2019eau et de la gomme arabique comme liant. Dans la peinture en tubes, on ajoute de la glyc\u00e9rine pour la rendre fluide.<br \/>\nTraditionnellement, pour cr\u00e9er une aquarelle, on n\u2019utilise pas de peinture blanche : le papier est blanc et pour cr\u00e9er du blanc, on omet la peinture. Le blanc du papier est donc le seul blanc utilis\u00e9 dans une aquarelle. La peinture aquarelle est transparente. Les nuances claires sont r\u00e9alis\u00e9es en diluant davantage la peinture avec de l\u2019eau.\u00a0 Les aquarelles poss\u00e8dent souvent une apparence fra\u00eeche et spontan\u00e9e : la transparence ne permet pas les retouches infinies en appliquant de nouvelles couches !<br \/>\nLa technique aquarelle a la r\u00e9putation d\u2019\u00eatre tr\u00e8s difficile, et c\u2019est vrai : on n\u2019a qu\u2019une seule chance de r\u00e9ussir son coup. On doit travailler rapidement et pr\u00e9voir soigneusement sa composition avant de commencer. Il faut prendre des d\u00e9cisions concernant la composition, la lumi\u00e8re et, par cons\u00e9quent, les parties devant rester blanches.<br \/>\nSi j\u2019ai vraiment rat\u00e9 mon aquarelle, ma m\u00e9thode consiste \u00e0 la d\u00e9chirer et \u00e0 recommencer. Apr\u00e8s tout, ce n\u2019est qu\u2019une feuille de papier\u2026 Cela dit, de petites erreurs peuvent souvent \u00eatre r\u00e9par\u00e9es.\u00a0 Parfois, je la d\u00e9chire, mais j\u2019en conserve les parties bien r\u00e9ussies, pour m\u2019inspirer.<br \/>\nL\u2019aquarelle est dot\u00e9e d\u2019une po\u00e9sie incroyable que l\u2019on ne trouve dans aucune autre forme d\u2019expression graphique! C\u2019est une technique directe et rapide, parfaite pour capter le moment.\u00a0 La peinture \u00e0 l\u2019huile ou d\u2019autres mati\u00e8res plus lourdes prennent plus de temps \u00e0 se construire et \u00e0 s\u00e9cher et conviennent donc moins au travail rapide.<br \/>\nUn autre grand avantage de l\u2019aquarelle, c\u2019est que l\u2019on n\u2019a pas besoin de grand-chose.\u00a0 On peut facilement prendre ses affaires avec soi et peindre dehors : un peu d\u2019eau, une feuille de papier, sa peinture et quelques pinceau suffisent.\u00a0 C\u2019est inodore, \u00e7a s\u00e8che vite et c\u2019est propre.<br \/>\nPour bien r\u00e9ussir une aquarelle, il faut savoir m\u00e9langer les couleurs et apprendre \u00e0 bien \u00e9quilibrer les proportions d\u2019eau et de pigment sur votre pinceau. On peut obtenir des r\u00e9sultats magnifiques avec un gros pinceau et beaucoup d\u2019eau, en appliquant couche sur couche. En r\u00e9duisant la quantit\u00e9 d\u2019eau, on arrive mieux \u00e0 ma\u00eetriser le r\u00e9sultat. Quelle que soit la quantit\u00e9 d\u2019eau utilis\u00e9e, la mati\u00e8re fait ce qu\u2019elle veut : c\u2019est une caract\u00e9ristique dont on peut se servir. Les couches de peinture aqueuse sont soumises \u00e0 la pesanteur, les parties mouill\u00e9es se contaminent et la peinture s\u00e8che tr\u00e8s rapidement au soleil ou tr\u00e8s lentement dans des conditions froides et humides.\u00a0 Les grosses gouttes\u00a0 tremp\u00e9es s\u00e8chent entour\u00e9es d\u2019un cercle fonc\u00e9, la peinture aqueuse poussant le pigment vers le bord et les couleurs deviennent plus claires en s\u00e9chant\u2026 et bien plus encore! Pour r\u00e9ussir l\u2019aquarelle, il vous faudra beaucoup d\u2019exercice, de patience et de spontan\u00e9it\u00e9.<br \/>\nLes effets impr\u00e9vus de la mati\u00e8re (papier ou peinture) qui n\u2019en fait qu\u2019\u00e0 sa t\u00eate ne sont pas forc\u00e9ment des inconv\u00e9nients : si l\u2019on sait s\u2019en servir, on obtient des images d\u2019une beaut\u00e9 \u00e9tonnante !<\/p>\n<\/p>\n<p><\/p>","protected":false},"excerpt":{"rendered":"<p>La &#8216;peinture \u00e0 l\u2019eau&#8217; est un terme d\u00e9signant toutes les techniques o\u00f9 on dilue de la peinture avec de l\u2019eau.\u00a0\u00a0 Les peintures acrylique, gouache et tempera sont les autres types, opaques, de peinture \u00e0 l\u2019eau&#8230;.<\/p>\n","protected":false},"author":3,"featured_media":0,"parent":1883,"menu_order":0,"comment_status":"closed","ping_status":"closed","template":"","meta":[],"_links":{"self":[{"href":"https:\/\/www.marinakulik.com\/fr\/wp-json\/wp\/v2\/pages\/596"}],"collection":[{"href":"https:\/\/www.marinakulik.com\/fr\/wp-json\/wp\/v2\/pages"}],"about":[{"href":"https:\/\/www.marinakulik.com\/fr\/wp-json\/wp\/v2\/types\/page"}],"author":[{"embeddable":true,"href":"https:\/\/www.marinakulik.com\/fr\/wp-json\/wp\/v2\/users\/3"}],"replies":[{"embeddable":true,"href":"https:\/\/www.marinakulik.com\/fr\/wp-json\/wp\/v2\/comments?post=596"}],"version-history":[{"count":0,"href":"https:\/\/www.marinakulik.com\/fr\/wp-json\/wp\/v2\/pages\/596\/revisions"}],"up":[{"embeddable":true,"href":"https:\/\/www.marinakulik.com\/fr\/wp-json\/wp\/v2\/pages\/1883"}],"wp:attachment":[{"href":"https:\/\/www.marinakulik.com\/fr\/wp-json\/wp\/v2\/media?parent=596"}],"curies":[{"name":"wp","href":"https:\/\/api.w.org\/{rel}","templated":true}]}}