{"id":609,"date":"2010-12-12T21:30:22","date_gmt":"2010-12-12T19:30:22","guid":{"rendered":"http:\/\/www.marinakulik.com\/?page_id=609"},"modified":"2018-07-28T10:46:48","modified_gmt":"2018-07-28T08:46:48","slug":"miscellaneous","status":"publish","type":"page","link":"https:\/\/www.marinakulik.com\/fr\/portfolio\/miscellaneous\/","title":{"rendered":"Miscellaneous"},"content":{"rendered":"<p>[vc_row][vc_column][vc_column_text]Ici, vous trouverez quelques peintures inclassables dans une des autres cat\u00e9gories. Quelques-unes sont des exp\u00e9riences qui susciteront de nouvelles id\u00e9es, d\u2019autres ont pris forme spontan\u00e9ment. Je pense qu\u2019elles m\u00e9ritent leur place sur mon site, car e<span id=\"result_box\" class=\"\" lang=\"fr\"><span class=\"\">lles partagent toutes un certain symbolisme et une signification plus profonde &#8211; et elles sont tr\u00e8s color\u00e9s<\/span><\/span>.<\/p>\n<div class=\"ngg-galleryoverview\" id=\"ngg-gallery-9-609\">\r\n\r\n\r\n\t\r\n\t<!-- Thumbnails -->\r\n\t\t\r\n\t<div id=\"ngg-image-323\" class=\"ngg-gallery-thumbnail-box\"  >\r\n\t\t<div class=\"ngg-gallery-thumbnail\" >\r\n\t\t\t<a href=\"https:\/\/www.marinakulik.com\/wp-content\/gallery\/miscellaneous\/magic-mushrooms-small.jpg\" title=\" \" rel=\"lightbox[set_9]\" >\r\n\t\t\t\t\t\t\t\t<img title=\"Magic Mushrooms\" alt=\"Magic Mushrooms\" src=\"https:\/\/www.marinakulik.com\/wp-content\/gallery\/miscellaneous\/thumbs\/thumbs_magic-mushrooms-small.jpg\" width=\"100\" height=\"75\" \/>\r\n\t\t\t\t\t\t\t<\/a>\r\n\t\t<\/div>\r\n\t<\/div>\r\n\t\r\n\t\t\r\n \t\t\r\n\t<div id=\"ngg-image-319\" class=\"ngg-gallery-thumbnail-box\"  >\r\n\t\t<div class=\"ngg-gallery-thumbnail\" >\r\n\t\t\t<a href=\"https:\/\/www.marinakulik.com\/wp-content\/gallery\/miscellaneous\/peppers.jpg\" title=\" \" rel=\"lightbox[set_9]\" >\r\n\t\t\t\t\t\t\t\t<img title=\"Peppers\" alt=\"Peppers\" src=\"https:\/\/www.marinakulik.com\/wp-content\/gallery\/miscellaneous\/thumbs\/thumbs_peppers.jpg\" width=\"100\" height=\"75\" \/>\r\n\t\t\t\t\t\t\t<\/a>\r\n\t\t<\/div>\r\n\t<\/div>\r\n\t\r\n\t\t\r\n \t\t\r\n\t<div id=\"ngg-image-318\" class=\"ngg-gallery-thumbnail-box\"  >\r\n\t\t<div class=\"ngg-gallery-thumbnail\" >\r\n\t\t\t<a href=\"https:\/\/www.marinakulik.com\/wp-content\/gallery\/miscellaneous\/pepperettes.jpg\" title=\" \" rel=\"lightbox[set_9]\" >\r\n\t\t\t\t\t\t\t\t<img title=\"Pepperettes\" alt=\"Pepperettes\" src=\"https:\/\/www.marinakulik.com\/wp-content\/gallery\/miscellaneous\/thumbs\/thumbs_pepperettes.jpg\" width=\"100\" height=\"75\" \/>\r\n\t\t\t\t\t\t\t<\/a>\r\n\t\t<\/div>\r\n\t<\/div>\r\n\t\r\n\t\t\r\n \t\t\r\n\t<div id=\"ngg-image-321\" class=\"ngg-gallery-thumbnail-box\"  >\r\n\t\t<div class=\"ngg-gallery-thumbnail\" >\r\n\t\t\t<a href=\"https:\/\/www.marinakulik.com\/wp-content\/gallery\/miscellaneous\/tequila-sunrise.jpg\" title=\" \" rel=\"lightbox[set_9]\" >\r\n\t\t\t\t\t\t\t\t<img title=\"Tequila Sunrise\" alt=\"Tequila Sunrise\" src=\"https:\/\/www.marinakulik.com\/wp-content\/gallery\/miscellaneous\/thumbs\/thumbs_tequila-sunrise.jpg\" width=\"100\" height=\"75\" \/>\r\n\t\t\t\t\t\t\t<\/a>\r\n\t\t<\/div>\r\n\t<\/div>\r\n\t\r\n\t\t\r\n \t\t\r\n\t<div id=\"ngg-image-322\" class=\"ngg-gallery-thumbnail-box\"  >\r\n\t\t<div class=\"ngg-gallery-thumbnail\" >\r\n\t\t\t<a href=\"https:\/\/www.marinakulik.com\/wp-content\/gallery\/miscellaneous\/mojito-mk-kl.jpg\" title=\" \" rel=\"lightbox[set_9]\" >\r\n\t\t\t\t\t\t\t\t<img title=\"mojito-mk-kl\" alt=\"mojito-mk-kl\" src=\"https:\/\/www.marinakulik.com\/wp-content\/gallery\/miscellaneous\/thumbs\/thumbs_mojito-mk-kl.jpg\" width=\"100\" height=\"75\" \/>\r\n\t\t\t\t\t\t\t<\/a>\r\n\t\t<\/div>\r\n\t<\/div>\r\n\t\r\n\t\t\r\n \t\t\r\n\t<div id=\"ngg-image-320\" class=\"ngg-gallery-thumbnail-box\"  >\r\n\t\t<div class=\"ngg-gallery-thumbnail\" >\r\n\t\t\t<a href=\"https:\/\/www.marinakulik.com\/wp-content\/gallery\/miscellaneous\/purple-haze.jpg\" title=\" \" rel=\"lightbox[set_9]\" >\r\n\t\t\t\t\t\t\t\t<img title=\"Purple Haze\" alt=\"Purple Haze\" src=\"https:\/\/www.marinakulik.com\/wp-content\/gallery\/miscellaneous\/thumbs\/thumbs_purple-haze.jpg\" width=\"100\" height=\"75\" \/>\r\n\t\t\t\t\t\t\t<\/a>\r\n\t\t<\/div>\r\n\t<\/div>\r\n\t\r\n\t\t\r\n \t\t\r\n\t<div id=\"ngg-image-314\" class=\"ngg-gallery-thumbnail-box\"  >\r\n\t\t<div class=\"ngg-gallery-thumbnail\" >\r\n\t\t\t<a href=\"https:\/\/www.marinakulik.com\/wp-content\/gallery\/miscellaneous\/letting-go-1.jpg\" title=\" \" rel=\"lightbox[set_9]\" >\r\n\t\t\t\t\t\t\t\t<img title=\"Letting Go 1\" alt=\"Letting Go 1\" src=\"https:\/\/www.marinakulik.com\/wp-content\/gallery\/miscellaneous\/thumbs\/thumbs_letting-go-1.jpg\" width=\"100\" height=\"75\" \/>\r\n\t\t\t\t\t\t\t<\/a>\r\n\t\t<\/div>\r\n\t<\/div>\r\n\t\r\n\t\t\r\n \t\t\r\n\t<div id=\"ngg-image-315\" class=\"ngg-gallery-thumbnail-box\"  >\r\n\t\t<div class=\"ngg-gallery-thumbnail\" >\r\n\t\t\t<a href=\"https:\/\/www.marinakulik.com\/wp-content\/gallery\/miscellaneous\/letting-go-2.jpg\" title=\" \" rel=\"lightbox[set_9]\" >\r\n\t\t\t\t\t\t\t\t<img title=\"Letting Go 2\" alt=\"Letting Go 2\" src=\"https:\/\/www.marinakulik.com\/wp-content\/gallery\/miscellaneous\/thumbs\/thumbs_letting-go-2.jpg\" width=\"100\" height=\"75\" \/>\r\n\t\t\t\t\t\t\t<\/a>\r\n\t\t<\/div>\r\n\t<\/div>\r\n\t\r\n\t\t\r\n \t\t\r\n\t<div id=\"ngg-image-316\" class=\"ngg-gallery-thumbnail-box\"  >\r\n\t\t<div class=\"ngg-gallery-thumbnail\" >\r\n\t\t\t<a href=\"https:\/\/www.marinakulik.com\/wp-content\/gallery\/miscellaneous\/letting-go-3.jpg\" title=\" \" rel=\"lightbox[set_9]\" >\r\n\t\t\t\t\t\t\t\t<img title=\"Letting Go 3\" alt=\"Letting Go 3\" src=\"https:\/\/www.marinakulik.com\/wp-content\/gallery\/miscellaneous\/thumbs\/thumbs_letting-go-3.jpg\" width=\"100\" height=\"75\" \/>\r\n\t\t\t\t\t\t\t<\/a>\r\n\t\t<\/div>\r\n\t<\/div>\r\n\t\r\n\t\t\r\n \t\t\r\n\t<div id=\"ngg-image-214\" class=\"ngg-gallery-thumbnail-box\"  >\r\n\t\t<div class=\"ngg-gallery-thumbnail\" >\r\n\t\t\t<a href=\"https:\/\/www.marinakulik.com\/wp-content\/gallery\/miscellaneous\/05.jpg\" title=\" \" rel=\"lightbox[set_9]\" >\r\n\t\t\t\t\t\t\t\t<img title=\"Weding\" alt=\"Weding\" src=\"https:\/\/www.marinakulik.com\/wp-content\/gallery\/miscellaneous\/thumbs\/thumbs_05.jpg\" width=\"100\" height=\"75\" \/>\r\n\t\t\t\t\t\t\t<\/a>\r\n\t\t<\/div>\r\n\t<\/div>\r\n\t\r\n\t\t\r\n \t\t\r\n\t<div id=\"ngg-image-313\" class=\"ngg-gallery-thumbnail-box\"  >\r\n\t\t<div class=\"ngg-gallery-thumbnail\" >\r\n\t\t\t<a href=\"https:\/\/www.marinakulik.com\/wp-content\/gallery\/miscellaneous\/dandelion.jpg\" title=\" \" rel=\"lightbox[set_9]\" >\r\n\t\t\t\t\t\t\t\t<img title=\"Dandelion\" alt=\"Dandelion\" src=\"https:\/\/www.marinakulik.com\/wp-content\/gallery\/miscellaneous\/thumbs\/thumbs_dandelion.jpg\" width=\"100\" height=\"75\" \/>\r\n\t\t\t\t\t\t\t<\/a>\r\n\t\t<\/div>\r\n\t<\/div>\r\n\t\r\n\t\t\r\n \t\t\r\n\t<div id=\"ngg-image-215\" class=\"ngg-gallery-thumbnail-box\"  >\r\n\t\t<div class=\"ngg-gallery-thumbnail\" >\r\n\t\t\t<a href=\"https:\/\/www.marinakulik.com\/wp-content\/gallery\/miscellaneous\/aquarelle-kulik-misc-tents.jpg\" title=\" \" rel=\"lightbox[set_9]\" >\r\n\t\t\t\t\t\t\t\t<img title=\"Tents\" alt=\"Tents\" src=\"https:\/\/www.marinakulik.com\/wp-content\/gallery\/miscellaneous\/thumbs\/thumbs_aquarelle-kulik-misc-tents.jpg\" width=\"100\" height=\"75\" \/>\r\n\t\t\t\t\t\t\t<\/a>\r\n\t\t<\/div>\r\n\t<\/div>\r\n\t\r\n\t\t\r\n \t\t\r\n\t<div id=\"ngg-image-216\" class=\"ngg-gallery-thumbnail-box\"  >\r\n\t\t<div class=\"ngg-gallery-thumbnail\" >\r\n\t\t\t<a href=\"https:\/\/www.marinakulik.com\/wp-content\/gallery\/miscellaneous\/aquarelle-kulik-pierrot.jpg\" title=\" \" rel=\"lightbox[set_9]\" >\r\n\t\t\t\t\t\t\t\t<img title=\"Pierrot\" alt=\"Pierrot\" src=\"https:\/\/www.marinakulik.com\/wp-content\/gallery\/miscellaneous\/thumbs\/thumbs_aquarelle-kulik-pierrot.jpg\" width=\"100\" height=\"75\" \/>\r\n\t\t\t\t\t\t\t<\/a>\r\n\t\t<\/div>\r\n\t<\/div>\r\n\t\r\n\t\t\r\n \t\t\r\n\t<div id=\"ngg-image-217\" class=\"ngg-gallery-thumbnail-box\"  >\r\n\t\t<div class=\"ngg-gallery-thumbnail\" >\r\n\t\t\t<a href=\"https:\/\/www.marinakulik.com\/wp-content\/gallery\/miscellaneous\/aquarelle-kulik-solitaire-1.jpg\" title=\" \" rel=\"lightbox[set_9]\" >\r\n\t\t\t\t\t\t\t\t<img title=\"Solitaire 1\" alt=\"Solitaire 1\" src=\"https:\/\/www.marinakulik.com\/wp-content\/gallery\/miscellaneous\/thumbs\/thumbs_aquarelle-kulik-solitaire-1.jpg\" width=\"100\" height=\"75\" \/>\r\n\t\t\t\t\t\t\t<\/a>\r\n\t\t<\/div>\r\n\t<\/div>\r\n\t\r\n\t\t\r\n \t\t\r\n\t<div id=\"ngg-image-218\" class=\"ngg-gallery-thumbnail-box\"  >\r\n\t\t<div class=\"ngg-gallery-thumbnail\" >\r\n\t\t\t<a href=\"https:\/\/www.marinakulik.com\/wp-content\/gallery\/miscellaneous\/aquarelle-pen-kulik-solitaire-2.jpg\" title=\" \" rel=\"lightbox[set_9]\" >\r\n\t\t\t\t\t\t\t\t<img title=\"Landscape\" alt=\"Landscape\" src=\"https:\/\/www.marinakulik.com\/wp-content\/gallery\/miscellaneous\/thumbs\/thumbs_aquarelle-pen-kulik-solitaire-2.jpg\" width=\"100\" height=\"75\" \/>\r\n\t\t\t\t\t\t\t<\/a>\r\n\t\t<\/div>\r\n\t<\/div>\r\n\t\r\n\t\t\r\n \t\t\r\n\t<div id=\"ngg-image-219\" class=\"ngg-gallery-thumbnail-box\"  >\r\n\t\t<div class=\"ngg-gallery-thumbnail\" >\r\n\t\t\t<a href=\"https:\/\/www.marinakulik.com\/wp-content\/gallery\/miscellaneous\/aquarelle-view-on-shell-moerdijk.jpg\" title=\" \" rel=\"lightbox[set_9]\" >\r\n\t\t\t\t\t\t\t\t<img title=\"Shell Moerdijk\" alt=\"Shell Moerdijk\" src=\"https:\/\/www.marinakulik.com\/wp-content\/gallery\/miscellaneous\/thumbs\/thumbs_aquarelle-view-on-shell-moerdijk.jpg\" width=\"100\" height=\"75\" \/>\r\n\t\t\t\t\t\t\t<\/a>\r\n\t\t<\/div>\r\n\t<\/div>\r\n\t\r\n\t\t\r\n \t\t\r\n\t<div id=\"ngg-image-221\" class=\"ngg-gallery-thumbnail-box\"  >\r\n\t\t<div class=\"ngg-gallery-thumbnail\" >\r\n\t\t\t<a href=\"https:\/\/www.marinakulik.com\/wp-content\/gallery\/miscellaneous\/sepia-kulik-white-lilies.jpg\" title=\" \" rel=\"lightbox[set_9]\" >\r\n\t\t\t\t\t\t\t\t<img title=\"White Lilies\" alt=\"White Lilies\" src=\"https:\/\/www.marinakulik.com\/wp-content\/gallery\/miscellaneous\/thumbs\/thumbs_sepia-kulik-white-lilies.jpg\" width=\"100\" height=\"75\" \/>\r\n\t\t\t\t\t\t\t<\/a>\r\n\t\t<\/div>\r\n\t<\/div>\r\n\t\r\n\t\t\r\n \t \t\r\n\t<!-- Pagination -->\r\n \t<div class=\"ngg-clear\"><\/div> \t\r\n<\/div>\r\n\r\n[\/vc_column_text][\/vc_column][\/vc_row]<\/p>","protected":false},"excerpt":{"rendered":"<p>[vc_row][vc_column][vc_column_text]Ici, vous trouverez quelques peintures inclassables dans une des autres cat\u00e9gories. Quelques-unes sont des exp\u00e9riences qui susciteront de nouvelles id\u00e9es, d\u2019autres ont pris forme spontan\u00e9ment. Je pense qu\u2019elles m\u00e9ritent leur place sur mon site, car&#8230;<\/p>\n","protected":false},"author":3,"featured_media":0,"parent":153,"menu_order":5,"comment_status":"closed","ping_status":"closed","template":"","meta":[],"_links":{"self":[{"href":"https:\/\/www.marinakulik.com\/fr\/wp-json\/wp\/v2\/pages\/609"}],"collection":[{"href":"https:\/\/www.marinakulik.com\/fr\/wp-json\/wp\/v2\/pages"}],"about":[{"href":"https:\/\/www.marinakulik.com\/fr\/wp-json\/wp\/v2\/types\/page"}],"author":[{"embeddable":true,"href":"https:\/\/www.marinakulik.com\/fr\/wp-json\/wp\/v2\/users\/3"}],"replies":[{"embeddable":true,"href":"https:\/\/www.marinakulik.com\/fr\/wp-json\/wp\/v2\/comments?post=609"}],"version-history":[{"count":7,"href":"https:\/\/www.marinakulik.com\/fr\/wp-json\/wp\/v2\/pages\/609\/revisions"}],"predecessor-version":[{"id":2705,"href":"https:\/\/www.marinakulik.com\/fr\/wp-json\/wp\/v2\/pages\/609\/revisions\/2705"}],"up":[{"embeddable":true,"href":"https:\/\/www.marinakulik.com\/fr\/wp-json\/wp\/v2\/pages\/153"}],"wp:attachment":[{"href":"https:\/\/www.marinakulik.com\/fr\/wp-json\/wp\/v2\/media?parent=609"}],"curies":[{"name":"wp","href":"https:\/\/api.w.org\/{rel}","templated":true}]}}