{"id":61,"date":"2010-05-05T19:01:13","date_gmt":"2010-05-05T17:01:13","guid":{"rendered":"http:\/\/www.marinakulik.fr\/women\/"},"modified":"2024-09-11T21:58:24","modified_gmt":"2024-09-11T19:58:24","slug":"women","status":"publish","type":"page","link":"https:\/\/www.marinakulik.com\/fr\/portfolio\/women\/","title":{"rendered":"Femmes"},"content":{"rendered":"<p>[vc_row][vc_column][vc_empty_space][vc_column_text]<\/p>\n<h1>Femmes<\/h1>\n<p>Depuis que j\u2019\u00e9tais capable de me servir d\u2019un crayon, je n\u2019ai pas cess\u00e9 de dessiner et peindre des femmes. Princesses, jolies dames, femmes int\u00e9ressantes, talentueuses, intelligentes, fragiles, sexy, puissantes\u2026 de tout ! Des mod\u00e8les dans tous les domaines de la soci\u00e9t\u00e9, mais surtout : des s\u0153urs !<br \/>\nQuelques-uns de ces portraits, cr\u00e9\u00e9s entre 1985 et aujourd\u2019hui, sont affich\u00e9s ici.[\/vc_column_text][vc_empty_space height=&#8221;16px&#8221;][\/vc_column][\/vc_row][vc_row fullwidth=&#8221;1&#8243;][vc_column][vc_gallery type=&#8221;image_grid&#8221; images=&#8221;2774,2183,2184,2188,2186,2187,2771,3034,3031,3030,2155,2182,2190,2189,2193,2194,2195,2200,2191,2185,2196,2197,2198,2199,2201,2192&#8243; onclick=&#8221;img_link_large&#8221;][\/vc_column][\/vc_row]<\/p>","protected":false},"excerpt":{"rendered":"<p>[vc_row][vc_column][vc_empty_space][vc_column_text] Femmes Depuis que j\u2019\u00e9tais capable de me servir d\u2019un crayon, je n\u2019ai pas cess\u00e9 de dessiner et peindre des femmes. Princesses, jolies dames, femmes int\u00e9ressantes, talentueuses, intelligentes, fragiles, sexy, puissantes\u2026 de tout ! Des&#8230;<\/p>\n","protected":false},"author":1,"featured_media":0,"parent":153,"menu_order":3,"comment_status":"closed","ping_status":"closed","template":"","meta":[],"_links":{"self":[{"href":"https:\/\/www.marinakulik.com\/fr\/wp-json\/wp\/v2\/pages\/61"}],"collection":[{"href":"https:\/\/www.marinakulik.com\/fr\/wp-json\/wp\/v2\/pages"}],"about":[{"href":"https:\/\/www.marinakulik.com\/fr\/wp-json\/wp\/v2\/types\/page"}],"author":[{"embeddable":true,"href":"https:\/\/www.marinakulik.com\/fr\/wp-json\/wp\/v2\/users\/1"}],"replies":[{"embeddable":true,"href":"https:\/\/www.marinakulik.com\/fr\/wp-json\/wp\/v2\/comments?post=61"}],"version-history":[{"count":9,"href":"https:\/\/www.marinakulik.com\/fr\/wp-json\/wp\/v2\/pages\/61\/revisions"}],"predecessor-version":[{"id":2634,"href":"https:\/\/www.marinakulik.com\/fr\/wp-json\/wp\/v2\/pages\/61\/revisions\/2634"}],"up":[{"embeddable":true,"href":"https:\/\/www.marinakulik.com\/fr\/wp-json\/wp\/v2\/pages\/153"}],"wp:attachment":[{"href":"https:\/\/www.marinakulik.com\/fr\/wp-json\/wp\/v2\/media?parent=61"}],"curies":[{"name":"wp","href":"https:\/\/api.w.org\/{rel}","templated":true}]}}