{"id":69,"date":"2010-05-11T19:01:06","date_gmt":"2010-05-11T17:01:06","guid":{"rendered":"http:\/\/www.marinakulik.fr\/?page_id=69"},"modified":"2024-09-09T16:41:36","modified_gmt":"2024-09-09T14:41:36","slug":"mydna","status":"publish","type":"page","link":"https:\/\/www.marinakulik.com\/fr\/portfolio\/mydna\/","title":{"rendered":"myDNA"},"content":{"rendered":"<p>[vc_row][vc_column][vc_empty_space][vc_column_text]<\/p>\n<h1>myDNA<\/h1>\n<p>C\u2019est mon travail libre, tout \u00e0 fait personnel et issu de &#8216;quelque part&#8217; dans mon esprit, mon unique inspiration. J\u2019ai cr\u00e9\u00e9 cette s\u00e9rie avec trois couleurs primaires plus le blanc du papier, \u00e0 l\u2019instar des quatre prot\u00e9ines qui constituent l\u2019ADN en d\u2019innombrables combinaisons et possibilit\u00e9s.[\/vc_column_text][vc_empty_space height=&#8221;16px&#8221;][\/vc_column][\/vc_row][vc_row fullwidth=&#8221;1&#8243;][vc_column][vc_gallery type=&#8221;image_grid&#8221; images=&#8221;2017,2018,2019,2020,2021,2022,2023,2024,2025,2026,2027,2028,2029,2030,2031,2032,2033,2034,2035,2036,2037,2038,2039,2040,2041,2042,2043,2044,2045,2046,2047,2048,2049,2050,2051,2052,2053,2054,2055,2056,2057,2058,2059,2060,2061,2062,2063,2064,2065,2066&#8243; onclick=&#8221;img_link_large&#8221;][\/vc_column][\/vc_row]<\/p>","protected":false},"excerpt":{"rendered":"<p>[vc_row][vc_column][vc_empty_space][vc_column_text] myDNA C\u2019est mon travail libre, tout \u00e0 fait personnel et issu de &#8216;quelque part&#8217; dans mon esprit, mon unique inspiration. J\u2019ai cr\u00e9\u00e9 cette s\u00e9rie avec trois couleurs primaires plus le blanc du papier, \u00e0&#8230;<\/p>\n","protected":false},"author":1,"featured_media":0,"parent":153,"menu_order":2,"comment_status":"closed","ping_status":"closed","template":"","meta":[],"_links":{"self":[{"href":"https:\/\/www.marinakulik.com\/fr\/wp-json\/wp\/v2\/pages\/69"}],"collection":[{"href":"https:\/\/www.marinakulik.com\/fr\/wp-json\/wp\/v2\/pages"}],"about":[{"href":"https:\/\/www.marinakulik.com\/fr\/wp-json\/wp\/v2\/types\/page"}],"author":[{"embeddable":true,"href":"https:\/\/www.marinakulik.com\/fr\/wp-json\/wp\/v2\/users\/1"}],"replies":[{"embeddable":true,"href":"https:\/\/www.marinakulik.com\/fr\/wp-json\/wp\/v2\/comments?post=69"}],"version-history":[{"count":8,"href":"https:\/\/www.marinakulik.com\/fr\/wp-json\/wp\/v2\/pages\/69\/revisions"}],"predecessor-version":[{"id":2977,"href":"https:\/\/www.marinakulik.com\/fr\/wp-json\/wp\/v2\/pages\/69\/revisions\/2977"}],"up":[{"embeddable":true,"href":"https:\/\/www.marinakulik.com\/fr\/wp-json\/wp\/v2\/pages\/153"}],"wp:attachment":[{"href":"https:\/\/www.marinakulik.com\/fr\/wp-json\/wp\/v2\/media?parent=69"}],"curies":[{"name":"wp","href":"https:\/\/api.w.org\/{rel}","templated":true}]}}