{"id":869,"date":"2011-08-14T14:13:28","date_gmt":"2011-08-14T12:13:28","guid":{"rendered":"http:\/\/www.marinakulik.com\/?page_id=869"},"modified":"2024-09-05T12:27:06","modified_gmt":"2024-09-05T10:27:06","slug":"classes","status":"publish","type":"page","link":"https:\/\/www.marinakulik.com\/fr\/classes\/","title":{"rendered":"CLASSES"},"content":{"rendered":"<p>[vc_row][vc_column width=&#8221;2\/3&#8243;][vc_empty_space][vc_column_text]<\/p>\n<h1>Cours<\/h1>\n<p>Marina enseigne le dessin d\u2019apr\u00e8s mod\u00e8le, le dessin de portraits et l\u2019aquarelle le lundi matin et mardi apr\u00e8s-midi \u00e0 l\u2019Atelier le Hangar \u00e0 Ch\u00e2teauneuf-de-Grasse.<\/p>\n<p>Ses mod\u00e8les varient de beaux personnages, comme M\u00e9lisandre, mod\u00e8le professionnel tr\u00e8s demand\u00e9, aux caract\u00e8res fascinants, comme Chris France, le c\u00e9l\u00e8bre auteur de la C\u00f4te d\u2019Azur.<\/p>\n<p>Marina propose \u00e9galement des projets de peinture pour les entreprises visant \u00e0 renforcer le team building et la motivation, ainsi que des cours priv\u00e9s sur mesure. Pour plus de renseignements, envoyez un e-mail \u00e0 Marina par le biais de la<a href=\"http:\/\/new.marinakulik.com\/contact\/\"> page de contact.<\/a><\/p>\n<p>[\/vc_column_text][vc_gallery type=&#8221;image_grid&#8221; images=&#8221;2260,2259,2261&#8243;][\/vc_column][vc_column width=&#8221;1\/3&#8243; css=&#8221;.vc_custom_1483719921068{border-left-width: 1px !important;padding-left: 20px !important;border-left-color: #dd3333 !important;border-left-style: solid !important;}&#8221;][vc_empty_space height=&#8221;16px&#8221;][vc_column_text]<\/p>\n<h3>ART CLASSES<\/h3>\n<p><strong>Live Model drawing<\/strong><br \/>\nMondays 9.30 AM &#8211; 12.00<\/p>\n<p><strong>Aquarelle<\/strong><br \/>\nTuesdays 2PM &#8211; 4.30PM<\/p>\n<p><strong>On Request<\/strong><br \/>\nwatercolours for beginners, live model starter classes, portrait workshops and team building workshops for companies<\/p>\n<p><strong>More info<\/strong><br \/>\n<a href=\"http:\/\/www.marinakulik.com\/contact\/\">Marina Kulik<\/a><br \/>\n<a href=\"http:\/\/www.hangarart.org\/classes.html\">Le Hangar<\/a><br \/>\n<a href=\"http:\/\/mas.shabanou.com\/events\/\">Mas Shabanou<\/a>[\/vc_column_text][\/vc_column][\/vc_row]<\/p>","protected":false},"excerpt":{"rendered":"<p>[vc_row][vc_column width=&#8221;2\/3&#8243;][vc_empty_space][vc_column_text] Cours Marina enseigne le dessin d\u2019apr\u00e8s mod\u00e8le, le dessin de portraits et l\u2019aquarelle le lundi matin et mardi apr\u00e8s-midi \u00e0 l\u2019Atelier le Hangar \u00e0 Ch\u00e2teauneuf-de-Grasse. Ses mod\u00e8les varient de beaux personnages, comme M\u00e9lisandre,&#8230;<\/p>\n","protected":false},"author":3,"featured_media":0,"parent":0,"menu_order":0,"comment_status":"closed","ping_status":"closed","template":"","meta":[],"_links":{"self":[{"href":"https:\/\/www.marinakulik.com\/fr\/wp-json\/wp\/v2\/pages\/869"}],"collection":[{"href":"https:\/\/www.marinakulik.com\/fr\/wp-json\/wp\/v2\/pages"}],"about":[{"href":"https:\/\/www.marinakulik.com\/fr\/wp-json\/wp\/v2\/types\/page"}],"author":[{"embeddable":true,"href":"https:\/\/www.marinakulik.com\/fr\/wp-json\/wp\/v2\/users\/3"}],"replies":[{"embeddable":true,"href":"https:\/\/www.marinakulik.com\/fr\/wp-json\/wp\/v2\/comments?post=869"}],"version-history":[{"count":18,"href":"https:\/\/www.marinakulik.com\/fr\/wp-json\/wp\/v2\/pages\/869\/revisions"}],"predecessor-version":[{"id":2811,"href":"https:\/\/www.marinakulik.com\/fr\/wp-json\/wp\/v2\/pages\/869\/revisions\/2811"}],"wp:attachment":[{"href":"https:\/\/www.marinakulik.com\/fr\/wp-json\/wp\/v2\/media?parent=869"}],"curies":[{"name":"wp","href":"https:\/\/api.w.org\/{rel}","templated":true}]}}