{"id":2837,"date":"2024-09-06T21:27:23","date_gmt":"2024-09-06T19:27:23","guid":{"rendered":"https:\/\/www.marinakulik.com\/?page_id=2837"},"modified":"2024-09-16T20:39:53","modified_gmt":"2024-09-16T18:39:53","slug":"live-party-drawing","status":"publish","type":"page","link":"https:\/\/www.marinakulik.com\/nl\/live-painting\/live-party-drawing\/","title":{"rendered":"Live Party Drawing"},"content":{"rendered":"<p>[vc_row][vc_column][vc_column_text]Terwijl uw evenement plaatsvindt, maak ik snelle schetsen (mijn specialiteit) van uw gasten, in pen en waterverf.<br \/>\nDe schetsen kunnen vari\u00ebren van gezichtsportretten tot portretten van een volledige persoon, en van \u00e9\u00e9n persoon tot koppels of kleine groepen.<br \/>\nZe zijn bedoeld als weggevertjes voor uw gasten, als een mooie herinnering.[\/vc_column_text][\/vc_column][\/vc_row][vc_row][vc_column][vc_gallery type=&#8221;image_grid&#8221; images=&#8221;2845,2844,2843,2842,2841,2840,2848,2871&#8243;][\/vc_column][\/vc_row][vc_row][vc_column][vc_column_text]De prijs voor Live Party Drawing is \u20ac 350 per uur, met een minimum afname van 2 uur, inclusief reizen (max 50 km) en materialen.<br \/>\nDe schetsen worden gemaakt op stevig papier van A5-formaat en kunnen op verzoek worden voorzien van uw logo.<br \/>\nZe kunnen worden afgedrukt in een boekje (extra kosten van toepassing)<br \/>\nGe\u00efnteresseerd? Meer info?<br \/>\n<a href=\"https:\/\/www.marinakulik.com\/contact\/\">Mail mij via de contactpagina<\/a>[\/vc_column_text][\/vc_column][\/vc_row]<\/p>","protected":false},"excerpt":{"rendered":"<p>[vc_row][vc_column][vc_column_text]Terwijl uw evenement plaatsvindt, maak ik snelle schetsen (mijn specialiteit) van uw gasten, in pen en waterverf. De schetsen kunnen vari\u00ebren van gezichtsportretten tot portretten van een volledige persoon, en van \u00e9\u00e9n persoon tot koppels&#8230;<\/p>\n","protected":false},"author":3,"featured_media":0,"parent":2823,"menu_order":0,"comment_status":"closed","ping_status":"closed","template":"","meta":[],"_links":{"self":[{"href":"https:\/\/www.marinakulik.com\/nl\/wp-json\/wp\/v2\/pages\/2837"}],"collection":[{"href":"https:\/\/www.marinakulik.com\/nl\/wp-json\/wp\/v2\/pages"}],"about":[{"href":"https:\/\/www.marinakulik.com\/nl\/wp-json\/wp\/v2\/types\/page"}],"author":[{"embeddable":true,"href":"https:\/\/www.marinakulik.com\/nl\/wp-json\/wp\/v2\/users\/3"}],"replies":[{"embeddable":true,"href":"https:\/\/www.marinakulik.com\/nl\/wp-json\/wp\/v2\/comments?post=2837"}],"version-history":[{"count":13,"href":"https:\/\/www.marinakulik.com\/nl\/wp-json\/wp\/v2\/pages\/2837\/revisions"}],"predecessor-version":[{"id":3057,"href":"https:\/\/www.marinakulik.com\/nl\/wp-json\/wp\/v2\/pages\/2837\/revisions\/3057"}],"up":[{"embeddable":true,"href":"https:\/\/www.marinakulik.com\/nl\/wp-json\/wp\/v2\/pages\/2823"}],"wp:attachment":[{"href":"https:\/\/www.marinakulik.com\/nl\/wp-json\/wp\/v2\/media?parent=2837"}],"curies":[{"name":"wp","href":"https:\/\/api.w.org\/{rel}","templated":true}]}}